{"id":999,"date":"2026-04-04T09:00:23","date_gmt":"2026-04-04T09:00:23","guid":{"rendered":"https:\/\/bikes.obra.website\/?product=bicicleta-cannondale-trail-7-2021-verde"},"modified":"2026-04-04T09:00:23","modified_gmt":"2026-04-04T09:00:23","slug":"bicicleta-cannondale-trail-7-2021-verde","status":"publish","type":"product","link":"https:\/\/bikes.obra.website\/?product=bicicleta-cannondale-trail-7-2021-verde","title":{"rendered":"Bicicleta Cannondale Trail 7 2021 Verde"},"content":{"rendered":"<h2>Descri\u00e7\u00e3o<\/h2>\n<p>Quadro : SmartForm C3 Alloy, SAVE, 1-1\/8\u0094 headtube, post mount disc, StraightShot internal cable routing, dropper post compatible, BSA-73<br \/>Garfo\/ Suspens\u00e3o dianteira : SR Suntour XCT DS, 100mm, Coil, 42mm offset (27.5\u0094) 46mm offset (29\u0094)<br \/>Pedais : Cannondale Platform<br \/>Pevidela : Prowheel, 36\/22<br \/>Movimento central : Cartridge, square taper<br \/>Corrente : KMC Z8.1, 8-speed<br \/>Cassete traseiro : Sunrace, 11-34, 8-speed<br \/>C\u00e2mbio dianteiro : Shimano Altus, 34.9 clamp<br \/>C\u00e2mbio traseiro : Shimano Tourney<br \/>Freios : Shimano MT200 hydraulic disc, 160\/160mm<br \/>Passadores : Shimano EF-505 Rapid Fire<br \/>Guid\u00e3o : 6061 Alloy Riser, 31.8mm, 25mm rise, 700mm<br \/>Manoplas : Cannondale Dual-Density<br \/>Caixa de dire\u00e7\u00e3o : Semi Integrated, 1-1\/8\u0094<br \/>Roda : WTB SX19, 32h<br \/>Pneu : WTB Ranger Comp, 27.5\/29 x 2.25\u0094, DNA Compound<br \/>Selim : Cannondale Stage 3<br \/>Canote : Cannondale 3, 6061 Alloy, 31.6 x 350\/400mm<\/p>\n","protected":false},"excerpt":{"rendered":"<p>Modalidade: Mountain Bike; Tamanho: 19\u2033; Velocidades: 16; Marca: Cannondale; Modelo: Trail 7 2021; Material: Alum\u00ednio; Uma mountain bike constru\u00edda para melhorar o seu jogo e despertar a paix\u00e3o pela trilha.<\/p>\n","protected":false},"featured_media":998,"comment_status":"open","ping_status":"closed","template":"","meta":[],"product_brand":[123],"product_cat":[302],"product_tag":[329,212,268,194,121,277,326],"class_list":{"0":"post-999","1":"product","2":"type-product","3":"status-publish","4":"has-post-thumbnail","6":"product_brand-cannondale","7":"product_cat-bicicletas-mountain-bike","8":"product_tag-16-velocidades","9":"product_tag-212","10":"product_tag-aro-29","11":"product_tag-bicicletas","12":"product_tag-cannondale","13":"product_tag-tamanho-19","14":"product_tag-trail-7","16":"first","17":"instock","18":"sale","19":"shipping-taxable","20":"purchasable","21":"product-type-simple"},"_links":{"self":[{"href":"https:\/\/bikes.obra.website\/index.php?rest_route=\/wp\/v2\/product\/999","targetHints":{"allow":["GET"]}}],"collection":[{"href":"https:\/\/bikes.obra.website\/index.php?rest_route=\/wp\/v2\/product"}],"about":[{"href":"https:\/\/bikes.obra.website\/index.php?rest_route=\/wp\/v2\/types\/product"}],"replies":[{"embeddable":true,"href":"https:\/\/bikes.obra.website\/index.php?rest_route=%2Fwp%2Fv2%2Fcomments&post=999"}],"wp:featuredmedia":[{"embeddable":true,"href":"https:\/\/bikes.obra.website\/index.php?rest_route=\/wp\/v2\/media\/998"}],"wp:attachment":[{"href":"https:\/\/bikes.obra.website\/index.php?rest_route=%2Fwp%2Fv2%2Fmedia&parent=999"}],"wp:term":[{"taxonomy":"product_brand","embeddable":true,"href":"https:\/\/bikes.obra.website\/index.php?rest_route=%2Fwp%2Fv2%2Fproduct_brand&post=999"},{"taxonomy":"product_cat","embeddable":true,"href":"https:\/\/bikes.obra.website\/index.php?rest_route=%2Fwp%2Fv2%2Fproduct_cat&post=999"},{"taxonomy":"product_tag","embeddable":true,"href":"https:\/\/bikes.obra.website\/index.php?rest_route=%2Fwp%2Fv2%2Fproduct_tag&post=999"}],"curies":[{"name":"wp","href":"https:\/\/api.w.org\/{rel}","templated":true}]}}