{"id":878,"date":"2026-04-04T08:56:32","date_gmt":"2026-04-04T08:56:32","guid":{"rendered":"https:\/\/bikes.obra.website\/?product=bicicleta-oggi-e-bike-flex-200-2021-preto"},"modified":"2026-04-04T08:56:42","modified_gmt":"2026-04-04T08:56:42","slug":"bicicleta-oggi-e-bike-flex-200-2021-preto","status":"publish","type":"product","link":"https:\/\/bikes.obra.website\/?product=bicicleta-oggi-e-bike-flex-200-2021-preto","title":{"rendered":"Bicicleta Oggi E-Bike Flex 200 2021 Preto"},"content":{"rendered":"<h2>Descri\u00e7\u00e3o<\/h2>\n<p>Desenvolvida para proporcionar conforto e desempenho, a OGGI Flex 200 \u00e9 a bicicleta el\u00e9trica ideal para o seu dia a dia. Com 5 n\u00edveis de assist\u00eancia, essa e-bike \u00e9 uma \u00f3tima op\u00e7\u00e3o de lazer, al\u00e9m de oferecer o que voc\u00ea precisa para os desafios na cidade.<\/p>\n<p>* A bicicleta n\u00e3o foi projetada para qualquer tipo de esporte radical ou para circuitos com rampas e saltos.<\/p>\n<\/p>\n<p>FICHA T\u00c9CNICA COMPLETA<\/p>\n<\/p>\n<p>QUADRO: Alum\u00ednio 6061 t6 tratado com bateria integrada ao tubo inferior com rota interna dos cabos<\/p>\n<p>SUSPENS\u00c3O: MTB 29\u2033 tapered com curso 100 mm<\/p>\n<p>ALAVANCA DE C\u00c2MBIO: Shimano SL-M315 c\/ display<\/p>\n<p>N\u00daMERO DE MARCHAS: 7 velocidades<\/p>\n<p>C\u00c2MBIO TRASEIRO: Shimano RD TY 500<\/p>\n<p>CASSETTE: Shimano mega range 14-34 dentes<\/p>\n<p>POT\u00caNCIA\/TORQUE: 250W \/ 40Nm\/ motor localizado no cubo traseiro<\/p>\n<p>BATERIA: (LG\/Samsung) \/ 36V \/ 418Wh<\/p>\n<p>CICLOCOMPUTADOR: LED c\/ 5 n\u00edveis de assist\u00eancia e indicador de carga de bateria<\/p>\n<p>PEDIVELA: Alum\u00ednio 170 mm 40 dentes<\/p>\n<p>CORRENTE: Shimano 7V<\/p>\n<p>GUID\u00c3O: Alum\u00ednio 31,8mm<\/p>\n<p>SUPORTE DO GUID\u00c3O: Aheadset em alum\u00ednio<\/p>\n<p>CAIXA DE DIRE\u00c7\u00c3O: Tapered ahead 1.1\/8\u2033 44\/55 semi-integrado<\/p>\n<p>MANOPLA: Velo<\/p>\n<p>CONJUNTO DE FREIO: Shimano Altus hidr\u00e1ulico BR-MT200 c\/ rotor SM-RT10(D) SM-RT26(T) de 160mm<\/p>\n<p>PEDAL: MTB-Plataforma<\/p>\n<p>SELIM: DDK<\/p>\n<p>CANOTE DO SELIM: Alum\u00ednio 30,9x350mm<\/p>\n<p>CUBO DIANTEIRO: Shimano TX 505 c\/quick release 32 furos p\/freio a disco<\/p>\n<p>AROS: Alexrims<\/p>\n<p>RAIOS: A\u00e7o inoxid\u00e1vel<\/p>\n<p>PNEU: MTB 29\u2033 X 2.10<\/p>\n<p>TAMANHO: 16.5\u2033<\/p>\n<p>PESO: Aproximadamente 20,50 kg<\/p>\n<p>GARANTIA: 2 anos para o quadro e 1 ano para a bateria e 6 meses para pintura, ambos do fabricante.<\/p>\n","protected":false},"excerpt":{"rendered":"<p>Modalidade: Mountain Bike El\u00e9trica; Tamanho: 16.5; Velocidades: 7; Marca: Oggi; Modelo: E-Bike Flex 200 2021; Material: Alum\u00ednio; Desenvolvida para proporcionar conforto e desempenho, a OGGI Flex 200 \u00e9 a bicicleta el\u00e9trica ideal para o seu dia a dia. Com 5 n\u00edveis de assist\u00eancia, essa e-bike \u00e9 uma \u00f3tima op\u00e7\u00e3o de lazer, al\u00e9m de oferecer o que voc\u00ea precisa para os desafios na cidade.<\/p>\n","protected":false},"featured_media":877,"comment_status":"open","ping_status":"closed","template":"","meta":[],"product_brand":[168],"product_cat":[267],"product_tag":[212,240,268,194,283,284,167,285],"class_list":{"0":"post-878","1":"product","2":"type-product","3":"status-publish","4":"has-post-thumbnail","6":"product_brand-oggi","7":"product_cat-bicicletas-eletricas","8":"product_tag-212","9":"product_tag-7-velocidades","10":"product_tag-aro-29","11":"product_tag-bicicletas","12":"product_tag-e-bike","13":"product_tag-eletrica","14":"product_tag-oggi","15":"product_tag-tamanho-16-5","17":"first","18":"instock","19":"sale","20":"shipping-taxable","21":"purchasable","22":"product-type-simple"},"_links":{"self":[{"href":"https:\/\/bikes.obra.website\/index.php?rest_route=\/wp\/v2\/product\/878","targetHints":{"allow":["GET"]}}],"collection":[{"href":"https:\/\/bikes.obra.website\/index.php?rest_route=\/wp\/v2\/product"}],"about":[{"href":"https:\/\/bikes.obra.website\/index.php?rest_route=\/wp\/v2\/types\/product"}],"replies":[{"embeddable":true,"href":"https:\/\/bikes.obra.website\/index.php?rest_route=%2Fwp%2Fv2%2Fcomments&post=878"}],"wp:featuredmedia":[{"embeddable":true,"href":"https:\/\/bikes.obra.website\/index.php?rest_route=\/wp\/v2\/media\/877"}],"wp:attachment":[{"href":"https:\/\/bikes.obra.website\/index.php?rest_route=%2Fwp%2Fv2%2Fmedia&parent=878"}],"wp:term":[{"taxonomy":"product_brand","embeddable":true,"href":"https:\/\/bikes.obra.website\/index.php?rest_route=%2Fwp%2Fv2%2Fproduct_brand&post=878"},{"taxonomy":"product_cat","embeddable":true,"href":"https:\/\/bikes.obra.website\/index.php?rest_route=%2Fwp%2Fv2%2Fproduct_cat&post=878"},{"taxonomy":"product_tag","embeddable":true,"href":"https:\/\/bikes.obra.website\/index.php?rest_route=%2Fwp%2Fv2%2Fproduct_tag&post=878"}],"curies":[{"name":"wp","href":"https:\/\/api.w.org\/{rel}","templated":true}]}}