{"id":3140,"date":"2026-04-04T10:14:33","date_gmt":"2026-04-04T10:14:33","guid":{"rendered":"https:\/\/bikes.obra.website\/?product=sapatilha-de-ciclismo-shimano-rc3-speed-preta"},"modified":"2026-04-04T10:14:36","modified_gmt":"2026-04-04T10:14:36","slug":"sapatilha-de-ciclismo-shimano-rc3-speed-preta","status":"publish","type":"product","link":"https:\/\/bikes.obra.website\/?product=sapatilha-de-ciclismo-shimano-rc3-speed-preta","title":{"rendered":"Sapatilha De Ciclismo Shimano Rc3 Speed Preta"},"content":{"rendered":"<h2>Descri\u00e7\u00e3o<\/h2>\n<\/p>\n<p>Sapatilha De Ciclismo Shimano <span>SH-RC300 <\/span>Speed Preta<\/p>\n<\/p>\n<p>A sapatilha de ciclismo RC3 \u00e9 uma pe\u00e7a de cal\u00e7ado de alto desempenho projetada especificamente para ciclistas que buscam conforto, estilo e efici\u00eancia durante seus pedais. Fabricada pela renomada marca de equipamentos esportivos Shimano, essa sapatilha combina tecnologia avan\u00e7ada com um design elegante e funcional. A parte superior da sapatilha \u00e9 constru\u00edda material sint\u00e9tico perfurado, que proporciona ajuste e respirabilidade superiores, proporcionando excelente ventila\u00e7\u00e3o para manter os p\u00e9s frescos e secos durante todo o percurso. Seu design anat\u00f4mico \u00e9 cuidadosamente moldado para se adaptar aos contornos naturais do p\u00e9, oferecendo um ajuste preciso e confort\u00e1vel.<\/p>\n<\/p>\n<p>SISTEMA DE FECHAMENTO POR TOR\u00c7\u00c3O BOA FIT SYSTEM L6<\/p>\n<\/p>\n<p>Cada detalhe do sistema de fechamento Boa Fit System L6 garante um ajuste preciso e seguro, com desempenho ainda maior em todas as condi\u00e7\u00f5es clim\u00e1ticas. A tecnologia oferece diversas vantagens: microajust\u00e1vel, durabilidade, sustentabilidade e leveza gra\u00e7as aos dials especiais.<\/p>\n<\/p>\n<p>MAIS LEVE E COM MELHOR DESEMPENHO<\/p>\n<\/p>\n<p>Mais leve e com melhor desempenho, a sola \u00e9 feita de nylon refor\u00e7ada com fibra de vidro, projetada para otimizar a transfer\u00eancia de energia da perna para o pedal, maximizando assim a efici\u00eancia do movimento e proporcionando uma sensa\u00e7\u00e3o de resposta direta durante o pedal. Al\u00e9m disso, a sola \u00e9 compat\u00edvel com tacos SPD padr\u00e3o 3 furos, garantindo uma conex\u00e3o segura e est\u00e1vel durante o seu pedal.<\/p>\n<\/p>\n<p>T\u00c9CNOLOGIA<\/p>\n<\/p>\n<p>Shimano Dynalast \u2013 Dynalast \u00e9 uma forma curvada anatomicamente que elimina \u00e2ngulos e se molda melhor aos contornos naturais do seu p\u00e9. O calcanhar se encaixa mais profundamente na sapatilha e o ajuste \u00e9 justo e pr\u00f3ximo ao p\u00e9. Menos espa\u00e7os vazios somado a um melhor ajuste \u00e9 igual a pedaladas mais longas, mais r\u00e1pidas e mais confort\u00e1veis.<\/p>\n<\/p>\n<p>ESPECIFICA\u00c7\u00d5ES T\u00c9CNICAS<\/p>\n<\/p>\n<p>Constru\u00e7\u00e3o: Microfibra e material sint\u00e9tico<\/p>\n<\/p>\n<p>Tipo de solado: Sola de nylon refor\u00e7ada com fibra de vidro<\/p>\n<\/p>\n<p>Rigidez do solado: 6<\/p>\n<\/p>\n<p>Sistema de fechamento: Boa Fit System L6 garantindo um ajuste preciso e seguro<\/p>\n<\/p>\n<p>Compatibilidade dos tacos: Compat\u00edvel com tacos SPD padr\u00e3o 3 furos<\/p>\n<\/p>\n<p>Seguran\u00e7a: Detalhes refletivos estrategicamente posicionados para fornecer maior seguran\u00e7a ao atleta principalmente em pedais noturnos<\/p>\n<\/p>\n<p>Peso (Aprox.): 512g, referente ao par, tamanho 41<\/p>\n","protected":false},"excerpt":{"rendered":"<p>Tamanho 43 Modelo: SH-RC300 Marca: Shimano<\/p>\n","protected":false},"featured_media":3139,"comment_status":"open","ping_status":"closed","template":"","meta":[],"product_brand":[185],"product_cat":[747],"product_tag":[749,763,183,437,761],"class_list":{"0":"post-3140","1":"product","2":"type-product","3":"status-publish","4":"has-post-thumbnail","6":"product_brand-shimano","7":"product_cat-sapatilhas-de-ciclismo","8":"product_tag-sapatilhas","9":"product_tag-sh-rc300","10":"product_tag-shimano","11":"product_tag-speed","12":"product_tag-tamanho-43","14":"first","15":"instock","16":"sale","17":"shipping-taxable","18":"purchasable","19":"product-type-simple"},"_links":{"self":[{"href":"https:\/\/bikes.obra.website\/index.php?rest_route=\/wp\/v2\/product\/3140","targetHints":{"allow":["GET"]}}],"collection":[{"href":"https:\/\/bikes.obra.website\/index.php?rest_route=\/wp\/v2\/product"}],"about":[{"href":"https:\/\/bikes.obra.website\/index.php?rest_route=\/wp\/v2\/types\/product"}],"replies":[{"embeddable":true,"href":"https:\/\/bikes.obra.website\/index.php?rest_route=%2Fwp%2Fv2%2Fcomments&post=3140"}],"wp:featuredmedia":[{"embeddable":true,"href":"https:\/\/bikes.obra.website\/index.php?rest_route=\/wp\/v2\/media\/3139"}],"wp:attachment":[{"href":"https:\/\/bikes.obra.website\/index.php?rest_route=%2Fwp%2Fv2%2Fmedia&parent=3140"}],"wp:term":[{"taxonomy":"product_brand","embeddable":true,"href":"https:\/\/bikes.obra.website\/index.php?rest_route=%2Fwp%2Fv2%2Fproduct_brand&post=3140"},{"taxonomy":"product_cat","embeddable":true,"href":"https:\/\/bikes.obra.website\/index.php?rest_route=%2Fwp%2Fv2%2Fproduct_cat&post=3140"},{"taxonomy":"product_tag","embeddable":true,"href":"https:\/\/bikes.obra.website\/index.php?rest_route=%2Fwp%2Fv2%2Fproduct_tag&post=3140"}],"curies":[{"name":"wp","href":"https:\/\/api.w.org\/{rel}","templated":true}]}}