{"id":3081,"date":"2026-04-04T10:13:24","date_gmt":"2026-04-04T10:13:24","guid":{"rendered":"https:\/\/bikes.obra.website\/?product=sapatilha-montain-bike-shimano-sh-xc300-branco"},"modified":"2026-04-04T10:13:29","modified_gmt":"2026-04-04T10:13:29","slug":"sapatilha-montain-bike-shimano-sh-xc300-branco","status":"publish","type":"product","link":"https:\/\/bikes.obra.website\/?product=sapatilha-montain-bike-shimano-sh-xc300-branco","title":{"rendered":"Sapatilha Montain Bike Shimano SH-XC300 Branco"},"content":{"rendered":"<h2>Descri\u00e7\u00e3o<\/h2>\n<p>Sapatilha de alta performance, com bot\u00e3o Boa micro ajuste.<\/p>\n<\/p>\n<p>\u2013 Marca: Shimano<\/p>\n<p>\u2013 Modelo: SH-XC300 XC3<\/p>\n<p>\u2013 A constru\u00e7\u00e3o de cabedal e entressola sem costuras integrada estabelece um novo n\u00edvel de ajuste, estabilidade e desempenho com leveza.<\/p>\n<p>\u2013 O disco BOA\u00ae L6 montado na aba central assim\u00e9trica cria um perfil mais liso, com ajustes r\u00e1pidos.<\/p>\n<p>\u2013 Estrutura de cabedal envolvente, que reduz a sobreposi\u00e7\u00e3o e oferece um ajuste como se fosse uma luva.<\/p>\n<p>\u2013 Sola exterior com padr\u00e3o de corridas de cross-country de borracha, que promove o engajamento est\u00e1vel do pedal e ader\u00eancia segura ao caminhar.<\/p>\n<p>\u2013 Entressola com baixa altura de empilhamento, que estabiliza o p\u00e9 e maximiza a efici\u00eancia da transfer\u00eancia de for\u00e7a.<\/p>\n<p>\u2013 Cabedal composto em couro sint\u00e9tico perfurado, que proporciona ajuste e respirabilidade superiores.<\/p>\n<p>\u2013 Sola leve de nylon refor\u00e7ado com fibra de vidro, para transfer\u00eancia de for\u00e7a.<\/p>\n<p>\u2013 Tecnologia: DYNALAST<\/p>\n<\/p>\n<p>Pol\u00edtica de devolu\u00e7\u00f5es: O produto deve estar em sua embalagem original, com manuais e acess\u00f3rios, sem marcas de uso ou instala\u00e7\u00e3o, no caso de roupas por motivos de Higiene n\u00e3o aceitamos devolu\u00e7\u00f5es de produtos usados, sem etiquetas, sem embalagem ou sujas.<\/p>\n","protected":false},"excerpt":{"rendered":"<p>Sapatilha de alta performance, com bot\u00e3o Boa micro ajuste.<\/p>\n","protected":false},"featured_media":3080,"comment_status":"open","ping_status":"closed","template":"","meta":[],"product_brand":[185],"product_cat":[747],"product_tag":[46,749,183,762],"class_list":{"0":"post-3081","1":"product","2":"type-product","3":"status-publish","4":"has-post-thumbnail","6":"product_brand-shimano","7":"product_cat-sapatilhas-de-ciclismo","8":"product_tag-mtb","9":"product_tag-sapatilhas","10":"product_tag-shimano","11":"product_tag-tamanho-44","13":"first","14":"instock","15":"sale","16":"shipping-taxable","17":"purchasable","18":"product-type-simple"},"_links":{"self":[{"href":"https:\/\/bikes.obra.website\/index.php?rest_route=\/wp\/v2\/product\/3081","targetHints":{"allow":["GET"]}}],"collection":[{"href":"https:\/\/bikes.obra.website\/index.php?rest_route=\/wp\/v2\/product"}],"about":[{"href":"https:\/\/bikes.obra.website\/index.php?rest_route=\/wp\/v2\/types\/product"}],"replies":[{"embeddable":true,"href":"https:\/\/bikes.obra.website\/index.php?rest_route=%2Fwp%2Fv2%2Fcomments&post=3081"}],"wp:featuredmedia":[{"embeddable":true,"href":"https:\/\/bikes.obra.website\/index.php?rest_route=\/wp\/v2\/media\/3080"}],"wp:attachment":[{"href":"https:\/\/bikes.obra.website\/index.php?rest_route=%2Fwp%2Fv2%2Fmedia&parent=3081"}],"wp:term":[{"taxonomy":"product_brand","embeddable":true,"href":"https:\/\/bikes.obra.website\/index.php?rest_route=%2Fwp%2Fv2%2Fproduct_brand&post=3081"},{"taxonomy":"product_cat","embeddable":true,"href":"https:\/\/bikes.obra.website\/index.php?rest_route=%2Fwp%2Fv2%2Fproduct_cat&post=3081"},{"taxonomy":"product_tag","embeddable":true,"href":"https:\/\/bikes.obra.website\/index.php?rest_route=%2Fwp%2Fv2%2Fproduct_tag&post=3081"}],"curies":[{"name":"wp","href":"https:\/\/api.w.org\/{rel}","templated":true}]}}