{"id":3006,"date":"2026-04-04T10:09:50","date_gmt":"2026-04-04T10:09:50","guid":{"rendered":"https:\/\/bikes.obra.website\/?product=sapatilha-mountain-bike-giro-ranger-cinza-41br"},"modified":"2026-04-04T10:10:05","modified_gmt":"2026-04-04T10:10:05","slug":"sapatilha-mountain-bike-giro-ranger-cinza-41br","status":"publish","type":"product","link":"https:\/\/bikes.obra.website\/?product=sapatilha-mountain-bike-giro-ranger-cinza-41br","title":{"rendered":"Sapatilha Mountain Bike Giro Ranger Cinza 41BR"},"content":{"rendered":"<h2>Descri\u00e7\u00e3o<\/h2>\n<p>Sapatilha MTB Giro Ranger Cinza<\/p>\n<p>&nbsp;<\/p>\n<p>Constru\u00edda com nova tecnologia, a estrutura da Sapatilha Ciclismo Giro Ranger possui cabedal em pe\u00e7a \u00fanica de couro sint\u00e9tico microperfurado com pontos espec\u00edficos. Esse refor\u00e7o na parte superior do sapato \u00e9 distribu\u00eddo em locais de maior necessidade de estrutura e ventila\u00e7\u00e3o para os p\u00e9s, al\u00e9m dos pain\u00e9is em microfibra sem costuras para o solado. A tecnologia da sapatilha termo soldada \u00e9 ideal para pedalar em dias mais quentes ou em pedais longos, tornando seu pedal mais confort\u00e1vel e est\u00e1vel.&nbsp;<\/p>\n<\/p>\n<p>O solado foi desenvolvido com taco de nylon e possui refor\u00e7o externo duplo de borracha, que garante uma pedalada eficiente, com ader\u00eancia e tra\u00e7\u00e3o impressionantes em pedras e lama.<\/p>\n<\/p>\n<p>A palmilha possui tecnologia Aegis, com tratamento antibacteriano que evita o mau cheiro e permite a respirabilidade melhor dos p\u00e9s.<\/p>\n<\/p>\n<p>Com fechamento mais pr\u00e1tico e eficiente, a Sapatilha de Ciclismo Giro Ranger possui velcro triplo oferecendo melhor fixa\u00e7\u00e3o junto aos p\u00e9s e pedais e melhor resist\u00eancia para encarar as trilhas e estradas. Sua camada superior foi fabricada em material sint\u00e9tico que facilita a limpeza ap\u00f3s os treinos.&nbsp;<\/p>\n<p>&nbsp;<\/p>\n<p>Especifica\u00e7\u00f5es:<\/p>\n<\/p>\n<p>\u2013 Fechamento simples e seguro \u2013 fechamento em velcro oferece mais simplicidade com a seguran\u00e7a e efici\u00eancia elevadas para o ajuste aos p\u00e9s;&nbsp;<\/p>\n<p>\u2013 Bico e calcanhar com refor\u00e7os \u2013 ideais para suportar as mais diversas intensidades de uso em diferentes movimenta\u00e7\u00f5es dos p\u00e9s;&nbsp;<\/p>\n<p>\u2013 Palmilha Confort\u00e1vel \u2013 melhor ajuste, posicionamento e o conforto para os p\u00e9s em diferentes situa\u00e7\u00f5es de uso;&nbsp;<\/p>\n<p>\u2013 Solado externo emborrachado \u2013 em dupla composi\u00e7\u00e3o injetada, mant\u00e9m elevado o conforto para encarar os terrenos mais dif\u00edceis com alta durabilidade e muito mais seguran\u00e7a;&nbsp;<\/p>\n<p>\u2013 Encaixe do taco em nylon- com tecnologia de ponta de composi\u00e7\u00e3o, oferece mais rigidez para o desempenho e, assim como conforto nos locais exatos para encarar qualquer pedal.<\/p>\n","protected":false},"excerpt":{"rendered":"<p>Tamanho 41 BR N\u00e3o acompanha cravos; Compat\u00edvel com tacos padr\u00e3o MTB dispon\u00edvel no mercado.<\/p>\n","protected":false},"featured_media":3005,"comment_status":"open","ping_status":"closed","template":"","meta":[],"product_brand":[699],"product_cat":[747],"product_tag":[696,748,749,753],"class_list":{"0":"post-3006","1":"product","2":"type-product","3":"status-publish","4":"has-post-thumbnail","6":"product_brand-giro","7":"product_cat-sapatilhas-de-ciclismo","8":"product_tag-giro","9":"product_tag-ranger","10":"product_tag-sapatilhas","11":"product_tag-tamanho-41br","13":"first","14":"instock","15":"sale","16":"shipping-taxable","17":"purchasable","18":"product-type-simple"},"_links":{"self":[{"href":"https:\/\/bikes.obra.website\/index.php?rest_route=\/wp\/v2\/product\/3006","targetHints":{"allow":["GET"]}}],"collection":[{"href":"https:\/\/bikes.obra.website\/index.php?rest_route=\/wp\/v2\/product"}],"about":[{"href":"https:\/\/bikes.obra.website\/index.php?rest_route=\/wp\/v2\/types\/product"}],"replies":[{"embeddable":true,"href":"https:\/\/bikes.obra.website\/index.php?rest_route=%2Fwp%2Fv2%2Fcomments&post=3006"}],"wp:featuredmedia":[{"embeddable":true,"href":"https:\/\/bikes.obra.website\/index.php?rest_route=\/wp\/v2\/media\/3005"}],"wp:attachment":[{"href":"https:\/\/bikes.obra.website\/index.php?rest_route=%2Fwp%2Fv2%2Fmedia&parent=3006"}],"wp:term":[{"taxonomy":"product_brand","embeddable":true,"href":"https:\/\/bikes.obra.website\/index.php?rest_route=%2Fwp%2Fv2%2Fproduct_brand&post=3006"},{"taxonomy":"product_cat","embeddable":true,"href":"https:\/\/bikes.obra.website\/index.php?rest_route=%2Fwp%2Fv2%2Fproduct_cat&post=3006"},{"taxonomy":"product_tag","embeddable":true,"href":"https:\/\/bikes.obra.website\/index.php?rest_route=%2Fwp%2Fv2%2Fproduct_tag&post=3006"}],"curies":[{"name":"wp","href":"https:\/\/api.w.org\/{rel}","templated":true}]}}