{"id":2803,"date":"2026-04-04T10:04:08","date_gmt":"2026-04-04T10:04:08","guid":{"rendered":"https:\/\/bikes.obra.website\/?product=luva-de-ciclismo-fechada-montano-highone-preto"},"modified":"2026-04-04T10:04:10","modified_gmt":"2026-04-04T10:04:10","slug":"luva-de-ciclismo-fechada-montano-highone-preto","status":"publish","type":"product","link":"https:\/\/bikes.obra.website\/?product=luva-de-ciclismo-fechada-montano-highone-preto","title":{"rendered":"Luva de Ciclismo Fechada Montano HighOne Preto"},"content":{"rendered":"<h2>Descri\u00e7\u00e3o<\/h2>\n<p><strong>\u2013 Informa\u00e7\u00f5es Gerais:<\/strong><\/p>\n<\/p>\n<p>Tecido Mesh no dorso proporcionando uma excelente respirabilidade;<\/p>\n<p>Tecido atoalhado para absor\u00e7\u00e3o do suor na \u00e1rea do polegar;<\/p>\n<p>Refor\u00e7o no polegar;<\/p>\n<p>Acolchoamento nas palmas para amortecimento de impactos e vibra\u00e7\u00f5es.<\/p>\n<p>Ajustes em velcro nos punhos;<\/p>\n<p>Palma respir\u00e1vel;<\/p>\n","protected":false},"excerpt":{"rendered":"<p>Desenvolvida para trazer conforto e melhor performance nas pedalas. Acabamentos mais sofisticados e cortes precisos. Tecido leve e flex\u00edvel; Touch screen no dedo indicador; Tamanho: G; Marca: HighOne;<\/p>\n","protected":false},"featured_media":2802,"comment_status":"open","ping_status":"closed","template":"","meta":[],"product_brand":[48],"product_cat":[724],"product_tag":[725,726],"class_list":{"0":"post-2803","1":"product","2":"type-product","3":"status-publish","4":"has-post-thumbnail","6":"product_brand-high-one","7":"product_cat-luvas","8":"product_tag-highone","9":"product_tag-luvas","11":"first","12":"instock","13":"sale","14":"shipping-taxable","15":"purchasable","16":"product-type-simple"},"_links":{"self":[{"href":"https:\/\/bikes.obra.website\/index.php?rest_route=\/wp\/v2\/product\/2803","targetHints":{"allow":["GET"]}}],"collection":[{"href":"https:\/\/bikes.obra.website\/index.php?rest_route=\/wp\/v2\/product"}],"about":[{"href":"https:\/\/bikes.obra.website\/index.php?rest_route=\/wp\/v2\/types\/product"}],"replies":[{"embeddable":true,"href":"https:\/\/bikes.obra.website\/index.php?rest_route=%2Fwp%2Fv2%2Fcomments&post=2803"}],"wp:featuredmedia":[{"embeddable":true,"href":"https:\/\/bikes.obra.website\/index.php?rest_route=\/wp\/v2\/media\/2802"}],"wp:attachment":[{"href":"https:\/\/bikes.obra.website\/index.php?rest_route=%2Fwp%2Fv2%2Fmedia&parent=2803"}],"wp:term":[{"taxonomy":"product_brand","embeddable":true,"href":"https:\/\/bikes.obra.website\/index.php?rest_route=%2Fwp%2Fv2%2Fproduct_brand&post=2803"},{"taxonomy":"product_cat","embeddable":true,"href":"https:\/\/bikes.obra.website\/index.php?rest_route=%2Fwp%2Fv2%2Fproduct_cat&post=2803"},{"taxonomy":"product_tag","embeddable":true,"href":"https:\/\/bikes.obra.website\/index.php?rest_route=%2Fwp%2Fv2%2Fproduct_tag&post=2803"}],"curies":[{"name":"wp","href":"https:\/\/api.w.org\/{rel}","templated":true}]}}