{"id":2743,"date":"2026-04-04T09:57:12","date_gmt":"2026-04-04T09:57:12","guid":{"rendered":"https:\/\/bikes.obra.website\/?product=capacete-de-ciclismo-giro-revel-titanio-branco"},"modified":"2026-04-04T09:57:15","modified_gmt":"2026-04-04T09:57:15","slug":"capacete-de-ciclismo-giro-revel-titanio-branco","status":"publish","type":"product","link":"https:\/\/bikes.obra.website\/?product=capacete-de-ciclismo-giro-revel-titanio-branco","title":{"rendered":"Capacete de Ciclismo Giro Revel Tit\u00e2nio Branco"},"content":{"rendered":"<h2>Descri\u00e7\u00e3o<\/h2>\n<p>O Capacete Giro Revel tamanho \u00fanico Titanio\/Branco conta com um conceito simples, por\u00e9m com recursos de ponta. Este modelo \u00e9 muito vers\u00e1til, ideal para todos os tipos de ciclistas, sejam eles urbanos e desportivos, para se deslocarem na cidade ou nas estradas.<\/p>\n<\/p>\n<p>Desenvolvido com tecnologia In-Mold para ser leve e com excelente resist\u00eancia a impactos, al\u00e9m de possuir 12 sa\u00eddas de ar para que tenha um excelente fluxo ideal para que mantenha sua cabe\u00e7a em uma temperatura adequada.<\/p>\n<\/p>\n<p>Al\u00e9m disso, \u00e9 equipado com Acu Dial, sistema patenteado que permite o ajuste da tens\u00e3o do capacete com uma s\u00f3 m\u00e3o, utilizando um disco ergon\u00f4mico na parte traseira do capacete que aperta a faixa de fixa\u00e7\u00e3o.<\/p>\n<\/p>\n<p>A pequena viseira acoplada a ele torna os pedais em dias ensolarados mais tranquilos, pois protege seus olhos da incid\u00eancia de raios solares, al\u00e9m de proteger seu rosto de impacto em galhos baixos durante trilhas.<\/p>\n<\/p>\n<p>Constru\u00e7\u00e3o \u2013 Tecnologia In-mold que durante o processo de fabrica\u00e7\u00e3o no molde, o inv\u00f3lucro externo de material de policarbonato \u00e9 fundido com o revestimento de espuma absorvente de impacto do capacete, criando um inv\u00f3lucro externo super leve.<\/p>\n<\/p>\n<p>Com peso e volume reduzidos ao redor da cabe\u00e7a, os capacetes in-mold s\u00e3o mais confort\u00e1veis que os capacetes tradicionais;<\/p>\n<\/p>\n<p>As 22 aberturas externas estrategicamente alocadas se conectam a amplos canais de refrigera\u00e7\u00e3o internos, garantindo que o capacete o mantenha fresco e confort\u00e1vel;<\/p>\n<\/p>\n<p>Roc Loc Sport Fit System \u2013 Sistema de regulagem total de tens\u00e3o de tamanho atrav\u00e9s do anel regulador, proporciona um ajuste de 360\u00b0 r\u00e1pido e est\u00e1vel;<\/p>\n<\/p>\n<p>Forra\u00e7\u00e3o remov\u00edvel e lav\u00e1vel com prote\u00e7\u00e3o anti-bacteriana, evitando a prolifera\u00e7\u00e3o de fungos e bact\u00e9rias causadoras e maus odores ocasionados pelo suor;<\/p>\n<\/p>\n<p>Cinta jugular com engate r\u00e1pido, permite que a fixa\u00e7\u00e3o seja mais eficiente e personaliz\u00e1vel, al\u00e9m de ser muito mais f\u00e1cil de fazer um pequeno ajuste;<\/p>\n<\/p>\n<p>Tela mosqueteira na parte frontal impede o impacto e a entrada de insetos ou detritos contra a parte superior da cabe\u00e7a enquanto estiver pedalando, evitando causar ferimentos;<\/p>\n<\/p>\n<p>Viseira remov\u00edvel Snap Fit permitindo utiliza-la de acordo com a sua necessidade. Se pretende pedalar em momentos do dia em que seja ensolarado a viseira lhe proteger\u00e1 de raios solares, mas se pretende pedalar na estrada e necessitar de ganho de velocidade e menor arrasto basta remove-la;<\/p>\n<\/p>\n<p>Tamanho \u00fanico \u2013 circunfer\u00eancia: 54-61cm.<\/p>\n","protected":false},"excerpt":{"rendered":"<p>Modelo \u00e9 muito vers\u00e1til, ideal para todos os tipos de ciclistas, sejam eles urbanos e desportivos, para se deslocarem na cidade ou nas estradas.<\/p>\n","protected":false},"featured_media":2742,"comment_status":"open","ping_status":"closed","template":"","meta":[],"product_brand":[699],"product_cat":[680],"product_tag":[681,696,715,709],"class_list":{"0":"post-2743","1":"product","2":"type-product","3":"status-publish","4":"has-post-thumbnail","6":"product_brand-giro","7":"product_cat-capacetes-de-ciclismo","8":"product_tag-capacetes","9":"product_tag-giro","10":"product_tag-revel","11":"product_tag-tamanho-54-61","13":"first","14":"instock","15":"sale","16":"shipping-taxable","17":"purchasable","18":"product-type-simple"},"_links":{"self":[{"href":"https:\/\/bikes.obra.website\/index.php?rest_route=\/wp\/v2\/product\/2743","targetHints":{"allow":["GET"]}}],"collection":[{"href":"https:\/\/bikes.obra.website\/index.php?rest_route=\/wp\/v2\/product"}],"about":[{"href":"https:\/\/bikes.obra.website\/index.php?rest_route=\/wp\/v2\/types\/product"}],"replies":[{"embeddable":true,"href":"https:\/\/bikes.obra.website\/index.php?rest_route=%2Fwp%2Fv2%2Fcomments&post=2743"}],"wp:featuredmedia":[{"embeddable":true,"href":"https:\/\/bikes.obra.website\/index.php?rest_route=\/wp\/v2\/media\/2742"}],"wp:attachment":[{"href":"https:\/\/bikes.obra.website\/index.php?rest_route=%2Fwp%2Fv2%2Fmedia&parent=2743"}],"wp:term":[{"taxonomy":"product_brand","embeddable":true,"href":"https:\/\/bikes.obra.website\/index.php?rest_route=%2Fwp%2Fv2%2Fproduct_brand&post=2743"},{"taxonomy":"product_cat","embeddable":true,"href":"https:\/\/bikes.obra.website\/index.php?rest_route=%2Fwp%2Fv2%2Fproduct_cat&post=2743"},{"taxonomy":"product_tag","embeddable":true,"href":"https:\/\/bikes.obra.website\/index.php?rest_route=%2Fwp%2Fv2%2Fproduct_tag&post=2743"}],"curies":[{"name":"wp","href":"https:\/\/api.w.org\/{rel}","templated":true}]}}