{"id":2428,"date":"2026-04-04T09:41:14","date_gmt":"2026-04-04T09:41:14","guid":{"rendered":"https:\/\/bikes.obra.website\/?product=freehub-shimano-do-cubo-traseiro-fh-m4050-nucleo-completo"},"modified":"2026-04-04T09:41:15","modified_gmt":"2026-04-04T09:41:15","slug":"freehub-shimano-do-cubo-traseiro-fh-m4050-nucleo-completo","status":"publish","type":"product","link":"https:\/\/bikes.obra.website\/?product=freehub-shimano-do-cubo-traseiro-fh-m4050-nucleo-completo","title":{"rendered":"Freehub Shimano do Cubo Traseiro FH-M4050 N\u00facleo Completo"},"content":{"rendered":"<h2>Descri\u00e7\u00e3o<\/h2>\n<p>Longa durabilidade, com veda\u00e7\u00e3o de alta qualidade para prote\u00e7\u00e3o contra lama<br \/>Sistema de esferas ajust\u00e1vel (Cup &amp; Cone);<br \/>Alavanca de libera\u00e7\u00e3o r\u00e1pida em alum\u00ednio, com carca\u00e7a de a\u00e7o;<br \/>Sistema CENTER LOCK, para f\u00e1cil instala\u00e7\u00e3o e ajuste;<\/p>\n","protected":false},"excerpt":{"rendered":"<p>O FH-M4050 da SHIMANO ALIVIO oferece longa durabilidade, gra\u00e7as aos vedantes e rolamentos de copo e cone de alta qualidade. \u00c9 compat\u00edvel com os rotores de disco CENTER LOCK e as gancheiras de libera\u00e7\u00e3o r\u00e1pida.<\/p>\n","protected":false},"featured_media":2427,"comment_status":"open","ping_status":"closed","template":"","meta":[],"product_brand":[185],"product_cat":[652],"product_tag":[658,46,183],"class_list":{"0":"post-2428","1":"product","2":"type-product","3":"status-publish","4":"has-post-thumbnail","6":"product_brand-shimano","7":"product_cat-transmissao-e-correntes","8":"product_tag-freehub","9":"product_tag-mtb","10":"product_tag-shimano","12":"first","13":"instock","14":"sale","15":"shipping-taxable","16":"purchasable","17":"product-type-simple"},"_links":{"self":[{"href":"https:\/\/bikes.obra.website\/index.php?rest_route=\/wp\/v2\/product\/2428","targetHints":{"allow":["GET"]}}],"collection":[{"href":"https:\/\/bikes.obra.website\/index.php?rest_route=\/wp\/v2\/product"}],"about":[{"href":"https:\/\/bikes.obra.website\/index.php?rest_route=\/wp\/v2\/types\/product"}],"replies":[{"embeddable":true,"href":"https:\/\/bikes.obra.website\/index.php?rest_route=%2Fwp%2Fv2%2Fcomments&post=2428"}],"wp:featuredmedia":[{"embeddable":true,"href":"https:\/\/bikes.obra.website\/index.php?rest_route=\/wp\/v2\/media\/2427"}],"wp:attachment":[{"href":"https:\/\/bikes.obra.website\/index.php?rest_route=%2Fwp%2Fv2%2Fmedia&parent=2428"}],"wp:term":[{"taxonomy":"product_brand","embeddable":true,"href":"https:\/\/bikes.obra.website\/index.php?rest_route=%2Fwp%2Fv2%2Fproduct_brand&post=2428"},{"taxonomy":"product_cat","embeddable":true,"href":"https:\/\/bikes.obra.website\/index.php?rest_route=%2Fwp%2Fv2%2Fproduct_cat&post=2428"},{"taxonomy":"product_tag","embeddable":true,"href":"https:\/\/bikes.obra.website\/index.php?rest_route=%2Fwp%2Fv2%2Fproduct_tag&post=2428"}],"curies":[{"name":"wp","href":"https:\/\/api.w.org\/{rel}","templated":true}]}}