{"id":2280,"date":"2026-04-04T09:37:23","date_gmt":"2026-04-04T09:37:23","guid":{"rendered":"https:\/\/bikes.obra.website\/?product=rodas-de-bicicleta-vzan-everest-xc-sram-xd-preto-acetinado"},"modified":"2026-04-04T09:37:25","modified_gmt":"2026-04-04T09:37:25","slug":"rodas-de-bicicleta-vzan-everest-xc-sram-xd-preto-acetinado","status":"publish","type":"product","link":"https:\/\/bikes.obra.website\/?product=rodas-de-bicicleta-vzan-everest-xc-sram-xd-preto-acetinado","title":{"rendered":"Rodas de Bicicleta Vzan Everest XC Sram XD Preto Acetinado"},"content":{"rendered":"<h2>Descri\u00e7\u00e3o<\/h2>\n<p><span>A roda Everest XC 2021 conta com uma nova parceria, os raios e niples de uma das marcas mais renomadas do mundo, a SAPIM. Uma marca com mais de 100 anos de hist\u00f3ria e um dos melhores raios e niples do mundo.<\/span><\/p>\n<p><span>Est\u00e1 roda \u00e9 uma das mais utilizadas nas competi\u00e7\u00f5es de Cross-Country do Brasil, \u00e9 uma roda leve, r\u00edgida, de alto desempenho, f\u00e1cil manuten\u00e7\u00e3o e \u00f3timo custo benef\u00edcio.<\/span><\/p>\n<p><span>A vers\u00e3o 2021 possui cubos que podem adaptar eixos de 15mm na dianteira e 12x142mm na traseira, estes fechamentos agora j\u00e1 acompanham a roda.<\/span><\/p>\n<p><span>Outra novidade s\u00e3o os novos adesivos que s\u00e3o bipartidos, onde \u00e9 determinado a cor do adesivo \u00e9 poss\u00edvel remover somente essa parte para colocar a cor desejada. As op\u00e7\u00f5es de cores s\u00e3o, branco, azul, vermelho, verde, laranja, rosa e turquesa.<\/span><\/p>\n<p><span>&nbsp;<\/span><\/p>\n<p><span>Aros: Parede Dupla Tubeless 21mm<\/span><\/p>\n<p><span>V\u00e1lvula: Fina (Presta)<\/span><\/p>\n<p><span>Raios: 28 Raios Sapim cilindricos Inox<\/span><\/p>\n<p><span>Niples: Sapim Spokes 14mm Preto<\/span><\/p>\n<p><span>Pneus: 1.95 a 2.35<\/span><\/p>\n<p><span>Peso maximo indicado: 120kg<\/span><\/p>\n<p><span>Cubos: MTB V17 28 Furos<\/span><\/p>\n<p><span>Peso: 1795g (Par)<\/span><\/p>\n<p><span>Garantia: 12 meses contra defeitos de fabrica\u00e7\u00e3o<\/span><\/p>\n<p><span>Agradecemos a preferencia.<\/span><\/p>\n","protected":false},"excerpt":{"rendered":"<p>Modalidade: Mountain Bike; Aro: 29\u2033; Raios: 28; Marca: Vzan; Modelo: Everest XC V21; Freehub: Sram XD;<\/p>\n","protected":false},"featured_media":2279,"comment_status":"open","ping_status":"closed","template":"","meta":[],"product_brand":[627],"product_cat":[623],"product_tag":[632,625,626],"class_list":{"0":"post-2280","1":"product","2":"type-product","3":"status-publish","4":"has-post-thumbnail","6":"product_brand-vzan","7":"product_cat-rodas","8":"product_tag-everest-xc","9":"product_tag-rodas","10":"product_tag-vzan","12":"first","13":"instock","14":"sale","15":"shipping-taxable","16":"purchasable","17":"product-type-simple"},"_links":{"self":[{"href":"https:\/\/bikes.obra.website\/index.php?rest_route=\/wp\/v2\/product\/2280","targetHints":{"allow":["GET"]}}],"collection":[{"href":"https:\/\/bikes.obra.website\/index.php?rest_route=\/wp\/v2\/product"}],"about":[{"href":"https:\/\/bikes.obra.website\/index.php?rest_route=\/wp\/v2\/types\/product"}],"replies":[{"embeddable":true,"href":"https:\/\/bikes.obra.website\/index.php?rest_route=%2Fwp%2Fv2%2Fcomments&post=2280"}],"wp:featuredmedia":[{"embeddable":true,"href":"https:\/\/bikes.obra.website\/index.php?rest_route=\/wp\/v2\/media\/2279"}],"wp:attachment":[{"href":"https:\/\/bikes.obra.website\/index.php?rest_route=%2Fwp%2Fv2%2Fmedia&parent=2280"}],"wp:term":[{"taxonomy":"product_brand","embeddable":true,"href":"https:\/\/bikes.obra.website\/index.php?rest_route=%2Fwp%2Fv2%2Fproduct_brand&post=2280"},{"taxonomy":"product_cat","embeddable":true,"href":"https:\/\/bikes.obra.website\/index.php?rest_route=%2Fwp%2Fv2%2Fproduct_cat&post=2280"},{"taxonomy":"product_tag","embeddable":true,"href":"https:\/\/bikes.obra.website\/index.php?rest_route=%2Fwp%2Fv2%2Fproduct_tag&post=2280"}],"curies":[{"name":"wp","href":"https:\/\/api.w.org\/{rel}","templated":true}]}}