{"id":18,"date":"2026-04-04T08:30:46","date_gmt":"2026-04-04T08:30:46","guid":{"rendered":"https:\/\/bikes.obra.website\/?product=base-niveladora-de-rolo-de-treino-altmayer"},"modified":"2026-04-04T08:30:46","modified_gmt":"2026-04-04T08:30:46","slug":"base-niveladora-de-rolo-de-treino-altmayer","status":"publish","type":"product","link":"https:\/\/bikes.obra.website\/?product=base-niveladora-de-rolo-de-treino-altmayer","title":{"rendered":"Base Niveladora de Rolo de Treino Altmayer"},"content":{"rendered":"<h2>Descri\u00e7\u00e3o<\/h2>\n<p>BASE NIVELADORA<\/p>\n<p>Este produto foi desenvolvido para dar mais estabilidade ao usu\u00e1rio do rolo de treino;<\/p>\n<p>Garantindo ao ciclista uma posi\u00e7\u00e3o adequada para sua pedalada di\u00e1ria;<\/p>\n<p>Possui dois n\u00edveis de altura para bikes MTB e um para Bike Speed;<\/p>\n<p>Peso do produto: 0,25g;<\/p>\n<p>Acompanha pezinhos anti aderentes para dar maior seguran\u00e7a.<\/p>\n<p>Material Polipropileno, altamente resistente<\/p>\n<p>Suporta 150 kg.<\/p>\n","protected":false},"excerpt":{"rendered":"<p>Este produto foi desenvolvido para dar mais estabilidade ao usu\u00e1rio do rolo de treino.<\/p>\n","protected":false},"featured_media":17,"comment_status":"open","ping_status":"closed","template":"","meta":[],"product_brand":[23],"product_cat":[16],"product_tag":[21,22],"class_list":{"0":"post-18","1":"product","2":"type-product","3":"status-publish","4":"has-post-thumbnail","6":"product_brand-altmayer","7":"product_cat-acessorios","8":"product_tag-altmayer","9":"product_tag-rolos-de-treino","11":"first","12":"instock","13":"sale","14":"shipping-taxable","15":"purchasable","16":"product-type-simple"},"_links":{"self":[{"href":"https:\/\/bikes.obra.website\/index.php?rest_route=\/wp\/v2\/product\/18","targetHints":{"allow":["GET"]}}],"collection":[{"href":"https:\/\/bikes.obra.website\/index.php?rest_route=\/wp\/v2\/product"}],"about":[{"href":"https:\/\/bikes.obra.website\/index.php?rest_route=\/wp\/v2\/types\/product"}],"replies":[{"embeddable":true,"href":"https:\/\/bikes.obra.website\/index.php?rest_route=%2Fwp%2Fv2%2Fcomments&post=18"}],"wp:featuredmedia":[{"embeddable":true,"href":"https:\/\/bikes.obra.website\/index.php?rest_route=\/wp\/v2\/media\/17"}],"wp:attachment":[{"href":"https:\/\/bikes.obra.website\/index.php?rest_route=%2Fwp%2Fv2%2Fmedia&parent=18"}],"wp:term":[{"taxonomy":"product_brand","embeddable":true,"href":"https:\/\/bikes.obra.website\/index.php?rest_route=%2Fwp%2Fv2%2Fproduct_brand&post=18"},{"taxonomy":"product_cat","embeddable":true,"href":"https:\/\/bikes.obra.website\/index.php?rest_route=%2Fwp%2Fv2%2Fproduct_cat&post=18"},{"taxonomy":"product_tag","embeddable":true,"href":"https:\/\/bikes.obra.website\/index.php?rest_route=%2Fwp%2Fv2%2Fproduct_tag&post=18"}],"curies":[{"name":"wp","href":"https:\/\/api.w.org\/{rel}","templated":true}]}}