{"id":1181,"date":"2026-04-04T09:05:09","date_gmt":"2026-04-04T09:05:09","guid":{"rendered":"https:\/\/bikes.obra.website\/?product=bicicleta-oggi-hacker-hds-2021-grafite-vermelho"},"modified":"2026-04-04T09:05:10","modified_gmt":"2026-04-04T09:05:10","slug":"bicicleta-oggi-hacker-hds-2021-grafite-vermelho","status":"publish","type":"product","link":"https:\/\/bikes.obra.website\/?product=bicicleta-oggi-hacker-hds-2021-grafite-vermelho","title":{"rendered":"Bicicleta Oggi Hacker HDS 2021 Grafite Vermelho"},"content":{"rendered":"<h2>Descri\u00e7\u00e3o<\/h2>\n<p>QUADRO: Alum\u00ednio 6061 t6 cabe\u00e7ote over size (44 \/ 50)<br \/>SUSPENS\u00c3O: Oggi 29\u2033 ou EVERYSTAR BM-661AD  ambas com trava no Crown e curso de 100mm<br \/>SHOCK: \u2013<br \/>ALAVANCA DE C\u00c2MBIO: Shimano Altus ou L-Twoo A3<br \/>N\u00daMERO DE MARCHAS: 24 velocidades<br \/>C\u00c2MBIO DI\u00c2NTEIRO: Shimano Tourney FD TY 700<br \/>C\u00c2MBIO TRASEIRO: Shimano Tourney RD TX 800<br \/>CASSETTE: SHIMANO 12 -32 DENTES<br \/>MOV. CENTRAL: NECO Blindado ponta do eixo quadrada<br \/>PEDIVELA: Shimano Tourney fc-ty301 175mm 42 x 34 x 24 dentes<br \/>CORRENTE: Shimano<br \/>GUID\u00c3O: MTB reto 31,8mm over \/ 680mm em alum\u00ednio<br \/>SUPORTE DO GUID\u00c3O: Alum\u00ednio 31,8 mm over com extens\u00e3o de 90 mm e 6\u00b0 graus de inclina\u00e7\u00e3o<br \/>CAIXA DE DIRE\u00c7\u00c3O: Oversize ahead 44\/50 semi-integrado<br \/>MANOPLA: VELO EM KRATON<br \/>CONJUNTO DE FREIO: Absolute DXU-1901 \/ Logan HD-M220 \/ Shimano MT-200<br \/>PEDAL: MTB Plataforma<br \/>SELIM: MTB<br \/>CANOTE DO SELIM: Alum\u00ednio 27.2<br \/>CUBO DIANTEIRO: Shimano tx-505 32 furos<br \/>CUBO TRASEIRO: Shimano tx-505 32 furos<br \/>AROS: Alexrims<br \/>RAIOS: A\u00e7o galvanizado<br \/>PNEU: MTB 29<br \/>TAMANHO: 17?<br \/>PESO: Aproximadamente 14,5KG<br \/>GARANTIA: Vital\u00edcia para o quadro, 3 meses para componentes e 6 meses para pintura.<\/p>\n","protected":false},"excerpt":{"rendered":"<p>Modalidade: Mountain Bike; Tamanho: 17\u2033; Velocidades: 24; Marca: Oggi; Modelo: Hacker HDS 2021; Material: Alum\u00ednio; OGGI Hacker HDS \u00e9 indicada para aqueles que est\u00e3o come\u00e7ando as pedaladas e procuram o melhor custo beneficio! A bike vem equipada com freios hidr\u00e1ulicos e componentes todos Shimano de 24 velocidades.<\/p>\n","protected":false},"featured_media":1180,"comment_status":"open","ping_status":"closed","template":"","meta":[],"product_brand":[168],"product_cat":[302],"product_tag":[317,268,194,365,197,167,273],"class_list":{"0":"post-1181","1":"product","2":"type-product","3":"status-publish","4":"has-post-thumbnail","6":"product_brand-oggi","7":"product_cat-bicicletas-mountain-bike","8":"product_tag-24-velocidades","9":"product_tag-aro-29","10":"product_tag-bicicletas","11":"product_tag-hacker-hds","12":"product_tag-mountain-bike","13":"product_tag-oggi","14":"product_tag-tamanho-17","16":"first","17":"instock","18":"sale","19":"shipping-taxable","20":"purchasable","21":"product-type-simple"},"_links":{"self":[{"href":"https:\/\/bikes.obra.website\/index.php?rest_route=\/wp\/v2\/product\/1181","targetHints":{"allow":["GET"]}}],"collection":[{"href":"https:\/\/bikes.obra.website\/index.php?rest_route=\/wp\/v2\/product"}],"about":[{"href":"https:\/\/bikes.obra.website\/index.php?rest_route=\/wp\/v2\/types\/product"}],"replies":[{"embeddable":true,"href":"https:\/\/bikes.obra.website\/index.php?rest_route=%2Fwp%2Fv2%2Fcomments&post=1181"}],"wp:featuredmedia":[{"embeddable":true,"href":"https:\/\/bikes.obra.website\/index.php?rest_route=\/wp\/v2\/media\/1180"}],"wp:attachment":[{"href":"https:\/\/bikes.obra.website\/index.php?rest_route=%2Fwp%2Fv2%2Fmedia&parent=1181"}],"wp:term":[{"taxonomy":"product_brand","embeddable":true,"href":"https:\/\/bikes.obra.website\/index.php?rest_route=%2Fwp%2Fv2%2Fproduct_brand&post=1181"},{"taxonomy":"product_cat","embeddable":true,"href":"https:\/\/bikes.obra.website\/index.php?rest_route=%2Fwp%2Fv2%2Fproduct_cat&post=1181"},{"taxonomy":"product_tag","embeddable":true,"href":"https:\/\/bikes.obra.website\/index.php?rest_route=%2Fwp%2Fv2%2Fproduct_tag&post=1181"}],"curies":[{"name":"wp","href":"https:\/\/api.w.org\/{rel}","templated":true}]}}